{"id":366,"date":"2021-06-19T10:11:17","date_gmt":"2021-06-19T08:11:17","guid":{"rendered":"https:\/\/design.111v1ab.xyz\/?post_type=product&#038;p=366"},"modified":"2023-01-20T18:50:48","modified_gmt":"2023-01-20T17:50:48","slug":"apooggia-la-libreria","status":"publish","type":"product","link":"https:\/\/design.111v1ab.xyz\/index.php\/prodotto\/apooggia-la-libreria\/","title":{"rendered":"Appoggia, la libreria"},"content":{"rendered":"<p><strong>Appoggia<\/strong> \u00e8 una variazione di Modula. In questa variazione le mensole <em>appoggiano<\/em> sugli anelli di metallo, anzich\u00e9 fissarsi sullo scanso nel cubo di metallo. Questo sistema \u00e8 stato pensato per facilitare configurazioni angolari, come nella foto.<\/p>\n<p>Questa \u00e8 una speciale configurazione delle molte possibili usando il sistema Modula\/Appoggia. Sia per la casa, come per uno studio, un ufficio. Pu\u00f2\u00a0 definire e dividere spazi, grazie al design che non crea un &#8220;davanti&#8221; o un &#8220;dietro&#8221; e anche grazie alla larghezza che, con ragionevoli limiti di sicurezza in altezza, la rende autonoma dalla parete.<br \/>\n<strong>Il prezzo \u00e8 indicativo della specifica configurazione della foto.<\/strong><br \/>\nPer preventivi dettagliati e progetti con le diverse combinazioni e possibilit\u00e0 che il sistema Modula\/Appoggia pu\u00f2 offire, potete <a href=\"https:\/\/design.111v1ab.xyz\/index.php\/contact-vab-dsgn\/\">contattarci<\/a><br \/>\n<em><strong>Dimensioni e prezzi indicativi per ogni singolo pezzo<br \/>\n<\/strong><\/em>Cubo Metallo\u00a0 Nero\u00a0 \u00a0 \u00a0 \u00a0 \u00a0 \u00a0 35x35x35cm\u00a0 \u00a0 <strong>\u20ac 47.00 x1<\/strong><br \/>\nCubo Metallo Nero 2h\u00a0 \u00a0 \u00a0 \u00a035x35x75cm\u00a0 \u00a0<strong>\u20ac 90.00 x1<\/strong><br \/>\nMensola legno*\u00a0 \u00a0 \u00a0 \u00a0 \u00a0prezzo al metro lineare\u00a0 \u00a0<strong>\u20ac 140.00* x1<\/strong><br \/>\n* Sono disponibili finiture in differenti materiali e tipi di legno.<\/p>\n<p><em><strong>\u00a0<\/strong><\/em><\/p>\n<p><strong>Appoggia<\/strong> is a variation of Modula. In this variation, the shelves rest on the metal rings, rather than attaching to the slot in the Modula metal cube. This system is designed to ease\u00a0 corner configurations, as pictured.<\/p>\n<p>This is a special configuration of the many possible using the Modula\/Appoggia system. Whether for the home, as for a studio, an office. It can define and divide spaces, thanks to the design that does not create a &#8220;front&#8221; or a &#8220;back&#8221; and also thanks to the width that, with reasonable safety limits in height, makes it independent from the wall.<br \/>\n<strong>The price is indicative of the specific configuration in the picture.<\/strong><br \/>\nFor detailed quotes and projects with the different combinations and possibilities that the Modula\/Appoggia system can offer,\u00a0 please <a href=\"https:\/\/design.111v1ab.xyz\/index.php\/contact-vab-dsgn\/\">contact us\u00a0<\/a><br \/>\n<strong>Size and approximate prices for each piece<\/strong><br \/>\nBlack Metal Cube\u00a0 \u00a0 \u00a0 \u00a0 \u00a0 \u00a0 \u00a0 \u00a0 \u00a0 \u00a0 \u00a0 \u00a0 \u00a0 \u00a035x35x35cm\u00a0 \u00a0 <strong>\u20ac 47.00 x1<\/strong><br \/>\nBlack Metal Cube 2h\u00a0 \u00a0 \u00a0 \u00a0 \u00a0 \u00a0 \u00a0 \u00a0 \u00a0 \u00a0 \u00a035x35x70cm\u00a0 <strong>\u00a0\u20ac 90.00 x1<\/strong><br \/>\nWood shelf*\u00a0 \u00a0 \u00a0 \u00a0 \u00a0 \u00a0 \u00a0 \u00a0 \u00a0 \u00a0 \u00a0price for linear meter\u00a0 <strong>\u20ac\u00a0 140.00* x1<\/strong><br \/>\n*Finishes in different materials and wood types are available.<\/p>\n","protected":false},"excerpt":{"rendered":"<p>Appoggia \u00e8 una variazione di Modula. In questa variazione le mensole appoggiano sugli anelli di metallo, anzich\u00e9 fissarsi sullo scanso nel cubo di metallo. Questo sistema \u00e8 stato pensato per facilitare configurazioni angolari, come nella foto. Questa \u00e8 una speciale configurazione delle molte possibili usando il sistema Modula\/Appoggia. Sia per la casa, come per uno [&hellip;]<\/p>\n","protected":false},"featured_media":202,"template":"","meta":[],"product_cat":[40,47,48],"product_tag":[],"_links":{"self":[{"href":"https:\/\/design.111v1ab.xyz\/index.php\/wp-json\/wp\/v2\/product\/366"}],"collection":[{"href":"https:\/\/design.111v1ab.xyz\/index.php\/wp-json\/wp\/v2\/product"}],"about":[{"href":"https:\/\/design.111v1ab.xyz\/index.php\/wp-json\/wp\/v2\/types\/product"}],"wp:featuredmedia":[{"embeddable":true,"href":"https:\/\/design.111v1ab.xyz\/index.php\/wp-json\/wp\/v2\/media\/202"}],"wp:attachment":[{"href":"https:\/\/design.111v1ab.xyz\/index.php\/wp-json\/wp\/v2\/media?parent=366"}],"wp:term":[{"taxonomy":"product_cat","embeddable":true,"href":"https:\/\/design.111v1ab.xyz\/index.php\/wp-json\/wp\/v2\/product_cat?post=366"},{"taxonomy":"product_tag","embeddable":true,"href":"https:\/\/design.111v1ab.xyz\/index.php\/wp-json\/wp\/v2\/product_tag?post=366"}],"curies":[{"name":"wp","href":"https:\/\/api.w.org\/{rel}","templated":true}]}}