{"id":301,"date":"2021-06-11T16:29:29","date_gmt":"2021-06-11T14:29:29","guid":{"rendered":"https:\/\/design.111v1ab.xyz\/?post_type=product&#038;p=301"},"modified":"2023-01-20T18:52:21","modified_gmt":"2023-01-20T17:52:21","slug":"strati-le-fioriere-40-110","status":"publish","type":"product","link":"https:\/\/design.111v1ab.xyz\/index.php\/prodotto\/strati-le-fioriere-40-110\/","title":{"rendered":"Strati, le fioriere 40-110"},"content":{"rendered":"<p><strong><em>Materiale e colore<br \/>\n<\/em><\/strong>Struttura in metallo colorata con doppia protezione anche per uso esterno.<br \/>\nColore base: RAL 7022 Grigio ombra \/ Umbra grey. (altri colori sono disponibili su richiesta con un ordine minimo di 4 non necessariamente dello stesso modello).<br \/>\n<em><strong>Vaso<\/strong><br \/>\n<\/em>Il vaso \u00e8 disponibile in Acciao Corten o Acciaio Inox ed \u00e8 compreso nel prezzo. Dispone di una apertura per lo scolo dell&#8217;acqua e la struttura \u00e8 dotata di un vassoio estraibile per la pulizia.<br \/>\n<em><strong>Dimensioni e peso<\/strong><br \/>\n<\/em>50&#215;50 h110 cm\u00a0 \/ vaso 40x40x40 cm<\/p>\n<p><em><strong>Material and color<\/strong><\/em><br \/>\nPainted metal structure with double protection also for outdoor use.<br \/>\nBase color: RAL 7022 Shadow grey \/ Umbra grey. (other colors are available on request with a minimum order of 4 not necessarily of the same model).<br \/>\n<em><strong>Planter<\/strong><\/em><br \/>\nThe planter is available in Corten Steel or Stainless Steel and is included in the price. It has an opening for draining water and the structure is equipped with a removable tray for cleaning.<br \/>\n<em><strong>Dimensions and weight<\/strong><\/em><br \/>\n50&#215;50 h110 cm \/ vase 40x40x40 cm<\/p>\n<p>&nbsp;<\/p>\n","protected":false},"excerpt":{"rendered":"<p>40v\/110h<\/p>\n","protected":false},"featured_media":307,"template":"","meta":[],"product_cat":[41,45,40],"product_tag":[],"_links":{"self":[{"href":"https:\/\/design.111v1ab.xyz\/index.php\/wp-json\/wp\/v2\/product\/301"}],"collection":[{"href":"https:\/\/design.111v1ab.xyz\/index.php\/wp-json\/wp\/v2\/product"}],"about":[{"href":"https:\/\/design.111v1ab.xyz\/index.php\/wp-json\/wp\/v2\/types\/product"}],"wp:featuredmedia":[{"embeddable":true,"href":"https:\/\/design.111v1ab.xyz\/index.php\/wp-json\/wp\/v2\/media\/307"}],"wp:attachment":[{"href":"https:\/\/design.111v1ab.xyz\/index.php\/wp-json\/wp\/v2\/media?parent=301"}],"wp:term":[{"taxonomy":"product_cat","embeddable":true,"href":"https:\/\/design.111v1ab.xyz\/index.php\/wp-json\/wp\/v2\/product_cat?post=301"},{"taxonomy":"product_tag","embeddable":true,"href":"https:\/\/design.111v1ab.xyz\/index.php\/wp-json\/wp\/v2\/product_tag?post=301"}],"curies":[{"name":"wp","href":"https:\/\/api.w.org\/{rel}","templated":true}]}}