{"id":300,"date":"2021-06-11T16:26:07","date_gmt":"2021-06-11T14:26:07","guid":{"rendered":"https:\/\/design.111v1ab.xyz\/?post_type=product&#038;p=300"},"modified":"2023-01-20T18:52:31","modified_gmt":"2023-01-20T17:52:31","slug":"strati-le-fioriere-30-90","status":"publish","type":"product","link":"https:\/\/design.111v1ab.xyz\/index.php\/prodotto\/strati-le-fioriere-30-90\/","title":{"rendered":"Strati, le fioriere 30-90"},"content":{"rendered":"<p><strong><em>Materiale e colore<br \/>\n<\/em><\/strong>Struttura in metallo colorata con doppia protezione anche per uso esterno.<br \/>\nColore base: RAL 7022 Grigio ombra \/ Umbra grey. (altri colori sono disponibili su richiesta con un ordine minimo di 4 non necessariamente dello stesso modello).<br \/>\n<em><strong>Vaso<\/strong><br \/>\n<\/em>Il vaso \u00e8 disponibile in Acciao Corten o Acciaio Inox ed \u00e8 compreso nel prezzo. Dispone di una apertura per lo scolo dell&#8217;acqua e la struttura \u00e8 dotata di un vassoio estraibile per la pulizia.<br \/>\n<em><strong>Dimensioni e peso<\/strong><br \/>\n<\/em>40&#215;50 h90 cm\u00a0 \/ vaso 30x30x30 cm<\/p>\n<p><em><strong>Material and color<\/strong><\/em><br \/>\nPainted metal structure with double protection also for outdoor use.<br \/>\nBase color: RAL 7022 Shadow grey \/ Umbra grey. (other colors are available on request with a minimum order of 4 not necessarily of the same model).<br \/>\n<em><strong>Planter<\/strong><\/em><br \/>\nThe planter is available in Corten Steel or Stainless Steel and is included in the price. It has an opening for draining water and the structure is equipped with a removable tray for cleaning.<br \/>\n<em><strong>Dimensions and weight<\/strong><\/em><br \/>\n40&#215;50 h90 cm \/ vase 30x30x30 cm<\/p>\n<p>&nbsp;<\/p>\n","protected":false},"excerpt":{"rendered":"<p>30v\/90h<\/p>\n","protected":false},"featured_media":308,"template":"","meta":[],"product_cat":[41,45,40],"product_tag":[],"_links":{"self":[{"href":"https:\/\/design.111v1ab.xyz\/index.php\/wp-json\/wp\/v2\/product\/300"}],"collection":[{"href":"https:\/\/design.111v1ab.xyz\/index.php\/wp-json\/wp\/v2\/product"}],"about":[{"href":"https:\/\/design.111v1ab.xyz\/index.php\/wp-json\/wp\/v2\/types\/product"}],"wp:featuredmedia":[{"embeddable":true,"href":"https:\/\/design.111v1ab.xyz\/index.php\/wp-json\/wp\/v2\/media\/308"}],"wp:attachment":[{"href":"https:\/\/design.111v1ab.xyz\/index.php\/wp-json\/wp\/v2\/media?parent=300"}],"wp:term":[{"taxonomy":"product_cat","embeddable":true,"href":"https:\/\/design.111v1ab.xyz\/index.php\/wp-json\/wp\/v2\/product_cat?post=300"},{"taxonomy":"product_tag","embeddable":true,"href":"https:\/\/design.111v1ab.xyz\/index.php\/wp-json\/wp\/v2\/product_tag?post=300"}],"curies":[{"name":"wp","href":"https:\/\/api.w.org\/{rel}","templated":true}]}}